{"id":258,"date":"2024-05-17T11:34:58","date_gmt":"2024-05-17T11:34:58","guid":{"rendered":"https:\/\/witsalon.gmedia.ovh\/?page_id=258"},"modified":"2024-05-28T15:44:53","modified_gmt":"2024-05-28T15:44:53","slug":"accesibilidad","status":"publish","type":"page","link":"https:\/\/witsalon.gmedia.ovh\/es\/accesibilidad\/","title":{"rendered":"Accesibilidad"},"content":{"rendered":"<div class=\"wpb-content-wrapper\"><p>[vc_row full_width=\u00bbstretch_row\u00bb css=\u00bb.vc_custom_1716901028558{background-color: #a5e3e1 !important;}\u00bb woodmart_css_id=\u00bb6655d4960dcbb\u00bb responsive_spacing=\u00bbeyJwYXJhbV90eXBlIjoid29vZG1hcnRfcmVzcG9uc2l2ZV9zcGFjaW5nIiwic2VsZWN0b3JfaWQiOiI2NjU1ZDQ5NjBkY2JiIiwic2hvcnRjb2RlIjoidmNfcm93IiwiZGF0YSI6eyJ0YWJsZXQiOnt9LCJtb2JpbGUiOnt9fX0=\u00bb mobile_bg_img_hidden=\u00bbno\u00bb tablet_bg_img_hidden=\u00bbno\u00bb woodmart_parallax=\u00bb0&#8243; woodmart_gradient_switch=\u00bbno\u00bb woodmart_box_shadow=\u00bbno\u00bb wd_z_index=\u00bbno\u00bb woodmart_disable_overflow=\u00bb0&#8243; row_reverse_mobile=\u00bb0&#8243; row_reverse_tablet=\u00bb0&#8243;][vc_column width=\u00bb1\/6&#8243;][\/vc_column][vc_column width=\u00bb2\/3&#8243;][vc_column_text css=\u00bb\u00bb woodmart_inline=\u00bbno\u00bb text_larger=\u00bbno\u00bb]<\/p>\n<h1 style=\"font-size: 44px; color: #f29163;\">Accesibilidad en Internet<\/h1>\n<p>El sitio web de <strong>witsalon.com<\/strong> aplica directrices UNE-EN 301 549:2022 de accesibilidad. No obstante, la mejora en este aspecto es continua.<\/p>\n<p>Para cumplir con estos requisitos marcados por UNE-EN 301 549:2022, se han aplicado los est\u00e1ndares web en la construcci\u00f3n de sus p\u00e1ginas usando HTML para el contenido y CSS para la apariencia. Por ejemplo, se han introducido:<br \/>\n\u2022 T\u00edtulos descriptivos.<br \/>\n\u2022 Foco visible del teclado.<br \/>\n\u2022 Tama\u00f1o de la letra ampliable.<br \/>\n\u2022 Textos alternativos en las im\u00e1genes en caso necesario<br \/>\n\u2022 Web adaptada a los diferentes pantallas. Autom\u00e1tico y\u00a0 mediante teclado o rat\u00f3n.<br \/>\n\u2022 Uso de hojas de estilo para controlar la maquetaci\u00f3n y presentaci\u00f3n.<br \/>\n\u2022 Uso de elementos de encabezado para transmitir la estructura l\u00f3gica de la p\u00e1gina.<br \/>\n\u2022 Metadatos para a\u00f1adir informaci\u00f3n sem\u00e1ntica.<\/p>\n<p>Consulta la\u00a0<a style=\"color: #f29163; text-decoration: underline dotted;\" href=\"https:\/\/witsalon.gmedia.ovh\/es\/declaracion-de-accesibilidad\/\">pol\u00edtica de accesibilidad<\/a>\u00a0y cumplimiento de los est\u00e1ndares<\/p>\n<h2 style=\"font-size: 30px; color: #f29163;\">Declaraci\u00f3n de accesibilidad del portal web<\/h2>\n<p>Pol\u00edtica de accesibilidad y cumplimiento de los est\u00e1ndares<\/p>\n<p><strong>Witsalon.com<\/strong> tiene el objetivo de hacer que todas las personas puedan acceder al portal web sin encontrar barreras f\u00edsicas, tecnol\u00f3gicas o intelectuales. Por esa raz\u00f3n, trabajamos para cumplir las Directrices de Accesibilidad UNE-EN 301 549:2022.<\/p>\n<h3 style=\"font-size: 24px; color: #f29163;\">Caracter\u00edsticas de accesibilidad:<\/h3>\n<p><strong>Estructura de las p\u00e1ginas<\/strong><br \/>\n\u2022 Las p\u00e1ginas del portal est\u00e1n estructuradas correctamente, separando el contenido y la presentaci\u00f3n mediante el uso de hojas de estilo (CSS). Eso permite acceder a los contenidos mediante navegadores no visuales o cuando no se quieran usar las hojas de estilo predeterminadas.<br \/>\n\u2022 Se utiliza un lenguaje HTML5 v\u00e1lido y bien etiquetado, con una estructura de encabezados que permite una navegaci\u00f3n f\u00e1cil por el contenido siguiendo los est\u00e1ndares del W3C.<\/p>\n<p><strong>Texto<\/strong><\/p>\n<p>El tama\u00f1o del texto puede redimensionarse seg\u00fan las preferencias del usuario. Para ello, puede utilizar las teclas CTRL+ y CTRL-. De la misma manera, en los \u201cajustes\u201d de su navegador puede definir una fuente mayor y la p\u00e1gina seguir\u00e1, en la medida de lo posible, siendo legible.<\/p>\n<p><strong>Enlaces<\/strong><\/p>\n<p>Trabajamos para que todos los enlaces sean comprensibles y claros.<\/p>\n<h3 style=\"font-size: 24px; color: #f29163;\">Im\u00e1genes y otros elementos multimedia<\/h3>\n<p>Hacemos todo lo posible para que se pueda acceder a la web sin necesidad de ver im\u00e1genes u otros elementos multimedia. Para ello, proporcionamos un texto alternativo cuando es necesario.<\/p>\n<h3 style=\"font-size: 24px; color: #f29163;\">Dependencia de dispositivo<\/h3>\n<p>El contenido es operable a trav\u00e9s de teclado sin un l\u00edmite de tiempo espec\u00edfico para realizar las pulsaciones de las teclas.<\/p>\n<h3 style=\"font-size: 24px; color: #f29163;\">Contacto<\/h3>\n<p>La accesibilidad es un trabajo continuo y todas las opiniones o sugerencias que puedan ayudar en el proceso de mejora son bienvenidas. Puedes contactar con\u00a0<strong>witsalon.com<\/strong> a trav\u00e9s de nuestro servicio de atenci\u00f3n al cliente.[\/vc_column_text][\/vc_column][vc_column width=\u00bb1\/6&#8243;][\/vc_column][\/vc_row]<\/p>\n<\/div>","protected":false},"excerpt":{"rendered":"<p>[vc_row full_width=\u00bbstretch_row\u00bb css=\u00bb.vc_custom_1716901028558{background-color: #a5e3e1 !important;}\u00bb woodmart_css_id=\u00bb6655d4960dcbb\u00bb responsive_spacing=\u00bbeyJwYXJhbV90eXBlIjoid29vZG1hcnRfcmVzcG9uc2l2ZV9zcGFjaW5nIiwic2VsZWN0b3JfaWQiOiI2NjU1ZDQ5NjBkY2JiIiwic2hvcnRjb2RlIjoidmNfcm93IiwiZGF0YSI6eyJ0YWJsZXQiOnt9LCJtb2JpbGUiOnt9fX0=\u00bb mobile_bg_img_hidden=\u00bbno\u00bb tablet_bg_img_hidden=\u00bbno\u00bb woodmart_parallax=\u00bb0&#8243; woodmart_gradient_switch=\u00bbno\u00bb woodmart_box_shadow=\u00bbno\u00bb wd_z_index=\u00bbno\u00bb woodmart_disable_overflow=\u00bb0&#8243; row_reverse_mobile=\u00bb0&#8243; row_reverse_tablet=\u00bb0&#8243;][vc_column width=\u00bb1\/6&#8243;][\/vc_column][vc_column width=\u00bb2\/3&#8243;][vc_column_text css=\u00bb\u00bb woodmart_inline=\u00bbno\u00bb<\/p>\n","protected":false},"author":1,"featured_media":0,"parent":0,"menu_order":0,"comment_status":"closed","ping_status":"closed","template":"","meta":{"_joinchat":[],"footnotes":""},"class_list":["post-258","page","type-page","status-publish","hentry"],"yoast_head":"<!-- This site is optimized with the Yoast SEO plugin v24.4 - https:\/\/yoast.com\/wordpress\/plugins\/seo\/ -->\n<title>Accesibilidad - Witsalon<\/title>\n<meta name=\"robots\" content=\"index, follow, max-snippet:-1, max-image-preview:large, max-video-preview:-1\" \/>\n<link rel=\"canonical\" href=\"https:\/\/witsalon.gmedia.ovh\/es\/accesibilidad\/\" \/>\n<meta property=\"og:locale\" content=\"es_ES\" \/>\n<meta property=\"og:type\" content=\"article\" \/>\n<meta property=\"og:title\" content=\"Accesibilidad - Witsalon\" \/>\n<meta property=\"og:description\" content=\"[vc_row full_width=\u00bbstretch_row\u00bb css=\u00bb.vc_custom_1716901028558{background-color: #a5e3e1 !important;}\u00bb woodmart_css_id=\u00bb6655d4960dcbb\u00bb responsive_spacing=\u00bbeyJwYXJhbV90eXBlIjoid29vZG1hcnRfcmVzcG9uc2l2ZV9zcGFjaW5nIiwic2VsZWN0b3JfaWQiOiI2NjU1ZDQ5NjBkY2JiIiwic2hvcnRjb2RlIjoidmNfcm93IiwiZGF0YSI6eyJ0YWJsZXQiOnt9LCJtb2JpbGUiOnt9fX0=\u00bb mobile_bg_img_hidden=\u00bbno\u00bb tablet_bg_img_hidden=\u00bbno\u00bb woodmart_parallax=\u00bb0&#8243; woodmart_gradient_switch=\u00bbno\u00bb woodmart_box_shadow=\u00bbno\u00bb wd_z_index=\u00bbno\u00bb woodmart_disable_overflow=\u00bb0&#8243; row_reverse_mobile=\u00bb0&#8243; row_reverse_tablet=\u00bb0&#8243;][vc_column width=\u00bb1\/6&#8243;][\/vc_column][vc_column width=\u00bb2\/3&#8243;][vc_column_text css=\u00bb\u00bb woodmart_inline=\u00bbno\u00bb\" \/>\n<meta property=\"og:url\" content=\"https:\/\/witsalon.gmedia.ovh\/es\/accesibilidad\/\" \/>\n<meta property=\"og:site_name\" content=\"Witsalon\" \/>\n<meta property=\"article:modified_time\" content=\"2024-05-28T15:44:53+00:00\" \/>\n<meta name=\"twitter:card\" content=\"summary_large_image\" \/>\n<meta name=\"twitter:label1\" content=\"Tiempo de lectura\" \/>\n\t<meta name=\"twitter:data1\" content=\"3 minutos\" \/>\n<script type=\"application\/ld+json\" class=\"yoast-schema-graph\">{\"@context\":\"https:\/\/schema.org\",\"@graph\":[{\"@type\":\"WebPage\",\"@id\":\"https:\/\/witsalon.gmedia.ovh\/es\/accesibilidad\/\",\"url\":\"https:\/\/witsalon.gmedia.ovh\/es\/accesibilidad\/\",\"name\":\"Accesibilidad - Witsalon\",\"isPartOf\":{\"@id\":\"https:\/\/witsalon.gmedia.ovh\/es\/#website\"},\"datePublished\":\"2024-05-17T11:34:58+00:00\",\"dateModified\":\"2024-05-28T15:44:53+00:00\",\"breadcrumb\":{\"@id\":\"https:\/\/witsalon.gmedia.ovh\/es\/accesibilidad\/#breadcrumb\"},\"inLanguage\":\"es\",\"potentialAction\":[{\"@type\":\"ReadAction\",\"target\":[\"https:\/\/witsalon.gmedia.ovh\/es\/accesibilidad\/\"]}]},{\"@type\":\"BreadcrumbList\",\"@id\":\"https:\/\/witsalon.gmedia.ovh\/es\/accesibilidad\/#breadcrumb\",\"itemListElement\":[{\"@type\":\"ListItem\",\"position\":1,\"name\":\"Portada\",\"item\":\"https:\/\/witsalon.gmedia.ovh\/es\/\"},{\"@type\":\"ListItem\",\"position\":2,\"name\":\"Accesibilidad\"}]},{\"@type\":\"WebSite\",\"@id\":\"https:\/\/witsalon.gmedia.ovh\/es\/#website\",\"url\":\"https:\/\/witsalon.gmedia.ovh\/es\/\",\"name\":\"Witsalon\",\"description\":\"Your International Hair Salon in the Heart of Barcelona\",\"potentialAction\":[{\"@type\":\"SearchAction\",\"target\":{\"@type\":\"EntryPoint\",\"urlTemplate\":\"https:\/\/witsalon.gmedia.ovh\/es\/?s={search_term_string}\"},\"query-input\":{\"@type\":\"PropertyValueSpecification\",\"valueRequired\":true,\"valueName\":\"search_term_string\"}}],\"inLanguage\":\"es\"}]}<\/script>\n<!-- \/ Yoast SEO plugin. -->","yoast_head_json":{"title":"Accesibilidad - Witsalon","robots":{"index":"index","follow":"follow","max-snippet":"max-snippet:-1","max-image-preview":"max-image-preview:large","max-video-preview":"max-video-preview:-1"},"canonical":"https:\/\/witsalon.gmedia.ovh\/es\/accesibilidad\/","og_locale":"es_ES","og_type":"article","og_title":"Accesibilidad - Witsalon","og_description":"[vc_row full_width=\u00bbstretch_row\u00bb css=\u00bb.vc_custom_1716901028558{background-color: #a5e3e1 !important;}\u00bb woodmart_css_id=\u00bb6655d4960dcbb\u00bb responsive_spacing=\u00bbeyJwYXJhbV90eXBlIjoid29vZG1hcnRfcmVzcG9uc2l2ZV9zcGFjaW5nIiwic2VsZWN0b3JfaWQiOiI2NjU1ZDQ5NjBkY2JiIiwic2hvcnRjb2RlIjoidmNfcm93IiwiZGF0YSI6eyJ0YWJsZXQiOnt9LCJtb2JpbGUiOnt9fX0=\u00bb mobile_bg_img_hidden=\u00bbno\u00bb tablet_bg_img_hidden=\u00bbno\u00bb woodmart_parallax=\u00bb0&#8243; woodmart_gradient_switch=\u00bbno\u00bb woodmart_box_shadow=\u00bbno\u00bb wd_z_index=\u00bbno\u00bb woodmart_disable_overflow=\u00bb0&#8243; row_reverse_mobile=\u00bb0&#8243; row_reverse_tablet=\u00bb0&#8243;][vc_column width=\u00bb1\/6&#8243;][\/vc_column][vc_column width=\u00bb2\/3&#8243;][vc_column_text css=\u00bb\u00bb woodmart_inline=\u00bbno\u00bb","og_url":"https:\/\/witsalon.gmedia.ovh\/es\/accesibilidad\/","og_site_name":"Witsalon","article_modified_time":"2024-05-28T15:44:53+00:00","twitter_card":"summary_large_image","twitter_misc":{"Tiempo de lectura":"3 minutos"},"schema":{"@context":"https:\/\/schema.org","@graph":[{"@type":"WebPage","@id":"https:\/\/witsalon.gmedia.ovh\/es\/accesibilidad\/","url":"https:\/\/witsalon.gmedia.ovh\/es\/accesibilidad\/","name":"Accesibilidad - Witsalon","isPartOf":{"@id":"https:\/\/witsalon.gmedia.ovh\/es\/#website"},"datePublished":"2024-05-17T11:34:58+00:00","dateModified":"2024-05-28T15:44:53+00:00","breadcrumb":{"@id":"https:\/\/witsalon.gmedia.ovh\/es\/accesibilidad\/#breadcrumb"},"inLanguage":"es","potentialAction":[{"@type":"ReadAction","target":["https:\/\/witsalon.gmedia.ovh\/es\/accesibilidad\/"]}]},{"@type":"BreadcrumbList","@id":"https:\/\/witsalon.gmedia.ovh\/es\/accesibilidad\/#breadcrumb","itemListElement":[{"@type":"ListItem","position":1,"name":"Portada","item":"https:\/\/witsalon.gmedia.ovh\/es\/"},{"@type":"ListItem","position":2,"name":"Accesibilidad"}]},{"@type":"WebSite","@id":"https:\/\/witsalon.gmedia.ovh\/es\/#website","url":"https:\/\/witsalon.gmedia.ovh\/es\/","name":"Witsalon","description":"Your International Hair Salon in the Heart of Barcelona","potentialAction":[{"@type":"SearchAction","target":{"@type":"EntryPoint","urlTemplate":"https:\/\/witsalon.gmedia.ovh\/es\/?s={search_term_string}"},"query-input":{"@type":"PropertyValueSpecification","valueRequired":true,"valueName":"search_term_string"}}],"inLanguage":"es"}]}},"_links":{"self":[{"href":"https:\/\/witsalon.gmedia.ovh\/es\/wp-json\/wp\/v2\/pages\/258","targetHints":{"allow":["GET"]}}],"collection":[{"href":"https:\/\/witsalon.gmedia.ovh\/es\/wp-json\/wp\/v2\/pages"}],"about":[{"href":"https:\/\/witsalon.gmedia.ovh\/es\/wp-json\/wp\/v2\/types\/page"}],"author":[{"embeddable":true,"href":"https:\/\/witsalon.gmedia.ovh\/es\/wp-json\/wp\/v2\/users\/1"}],"replies":[{"embeddable":true,"href":"https:\/\/witsalon.gmedia.ovh\/es\/wp-json\/wp\/v2\/comments?post=258"}],"version-history":[{"count":14,"href":"https:\/\/witsalon.gmedia.ovh\/es\/wp-json\/wp\/v2\/pages\/258\/revisions"}],"predecessor-version":[{"id":411,"href":"https:\/\/witsalon.gmedia.ovh\/es\/wp-json\/wp\/v2\/pages\/258\/revisions\/411"}],"wp:attachment":[{"href":"https:\/\/witsalon.gmedia.ovh\/es\/wp-json\/wp\/v2\/media?parent=258"}],"curies":[{"name":"wp","href":"https:\/\/api.w.org\/{rel}","templated":true}]}}